{"id":427,"date":"2020-11-22T15:21:37","date_gmt":"2020-11-22T15:21:37","guid":{"rendered":"https:\/\/new.tt-groebenzell.de\/?page_id=427"},"modified":"2025-04-28T18:59:09","modified_gmt":"2025-04-28T18:59:09","slug":"vereinsmeisterschaft-2015","status":"publish","type":"page","link":"https:\/\/tt-groebenzell.de\/index.php\/vereinsmeisterschaft-2015\/","title":{"rendered":"Vereinsmeisterschaft 2015"},"content":{"rendered":"\n<p>Unsere diesj\u00e4hrige Vereinsmeisterschaft 2015 der Erwachsenen, fand am 28. November statt. Es nahmen insgesamt 18 Spieler teil.<\/p>\n\n\n\n<p>Im Einzel konnte Peer-Sonne-Holm den Titel des Vereinsmeisters vor G\u00fcnther Gabriel erringen. Den dritten Platz belegte Peer Papior.<\/p>\n\n\n\n<p>Bei den Doppeln konnten sich G\u00fcnther Gabriel und Helmut Dobler vor Ruben Rotter und J\u00fcrgen Karthan den Titel sichern. Den dritten Platz teilten sich die Paarungen Roland B\u00f6ck\/Christian Kreuzer und Stefan Plendl\/Willi Silbereisen.<\/p>\n\n\n\n<p>Wir danken Werner Bergmann und Wolfgang Zimolong f\u00fcr die gute Organisation und Durchf\u00fchrung des Turniers, und gratulieren den Teilnehmern recht herzlich !<\/p>\n\n\n\n<p>An der diesj\u00e4hrigen Jugend-Vereinsmeisterschaft haben am Samstag, 21. November 2015 acht Jugendliche (Vorjahr 7) teilgenommen.<br>Das Turnier haben wir in zwei Gruppen ausgetragen. In der Gruppe A spielten die vier Jugendlichen der 1. Jugendmannschaft, in der Gruppe B die \u00fcbrigen vier Jugendlichen. Wegen der kleinen Teilnehmerfelder f\u00fchrten wir das Turnier nach dem Modus 2 Mal \u201eJeder gegen Jeden\u201c durch. Die Ergebnisse:<\/p>\n\n\n\n<p>Gruppe A, Einzel:<\/p>\n\n\n\n<ol class=\"wp-block-list\"><li>Platz: Corbinian Naucke<\/li><li>Platz: Ruben Rotter<\/li><li>Platz: Luca Wendler<\/li><li>Platz: Sebastian Raase<\/li><\/ol>\n\n\n\n<p>Gruppe B, Einzel:<\/p>\n\n\n\n<ol class=\"wp-block-list\"><li>Platz: Julian Hesse<\/li><li>Platz: Tobias Bonfig<\/li><li>Platz: Francesco Mendel<\/li><li>Platz: Maximilian Diepold<\/li><\/ol>\n\n\n\n<p>Im Doppel wurde den Spielern der Gruppe A jeweils ein Spieler der Gruppe B zugelost. Die Ergebnisse: Gruppen A und B kombiniert, Doppel:<\/p>\n\n\n\n<ol class=\"wp-block-list\"><li>Platz: Naucke\/Bonfig<\/li><li>Platz: Wendler\/Hesse<\/li><li>Platz: Rotter\/Mendel<\/li><li>Platz: Raase\/Diepold<\/li><\/ol>\n\n\n\n<p>Das Turnier verlief sehr harmonisch. Besonderen Spa\u00df hatten die Jugendlichen bei den Doppelspielen.<\/p>\n\n\n\n<p>Allen Siegern und Platzierten gratulieren wir sehr herzlich zu ihren Erfolgen.<\/p>\n\n\n\n<p>Turnierleitung: Gustav Wimmer nd Woulfgang Zimolong<\/p>\n\n\n\n<ul class=\"wp-block-list\"><li><a href=\"https:\/\/tt-groebenzell.de\/wp-content\/uploads\/2020\/11\/Vereinsmeisterschaft2015_Gruppe.pdf\" target=\"_blank\" rel=\"noreferrer noopener\">Herren Ergebnisse Gruppenrunde<\/a><\/li><li><a href=\"https:\/\/tt-groebenzell.de\/wp-content\/uploads\/2020\/11\/Vereinsmeisterschaft2015_Finalrunde.pdf\" target=\"_blank\" rel=\"noreferrer noopener\">Herren Ergebnisse Finalrunde und Doppel<\/a><\/li><\/ul>\n\n\n\n<figure class=\"wp-block-gallery columns-3 is-cropped wp-block-gallery-1 is-layout-flex wp-block-gallery-is-layout-flex\"><ul class=\"blocks-gallery-grid\"><li class=\"blocks-gallery-item\"><figure><img decoding=\"async\" src=\"https:\/\/tt-groebenzell.de\/wp-content\/uploads\/2020\/11\/VM2015_1.jpg\" alt=\"\" data-id=\"430\" data-full-url=\"https:\/\/tt-groebenzell.de\/wp-content\/uploads\/2020\/11\/VM2015_1.jpg\" data-link=\"https:\/\/tt-groebenzell.de\/?attachment_id=430#main\" class=\"wp-image-430\"\/><\/figure><\/li><li class=\"blocks-gallery-item\"><figure><img decoding=\"async\" src=\"https:\/\/tt-groebenzell.de\/wp-content\/uploads\/2020\/11\/VM2015_2.jpg\" alt=\"\" data-id=\"431\" data-full-url=\"https:\/\/tt-groebenzell.de\/wp-content\/uploads\/2020\/11\/VM2015_2.jpg\" data-link=\"https:\/\/tt-groebenzell.de\/?attachment_id=431#main\" class=\"wp-image-431\"\/><\/figure><\/li><li class=\"blocks-gallery-item\"><figure><img decoding=\"async\" src=\"https:\/\/tt-groebenzell.de\/wp-content\/uploads\/2020\/11\/VM2015_3.jpg\" alt=\"\" data-id=\"432\" data-full-url=\"https:\/\/tt-groebenzell.de\/wp-content\/uploads\/2020\/11\/VM2015_3.jpg\" data-link=\"https:\/\/tt-groebenzell.de\/?attachment_id=432#main\" class=\"wp-image-432\"\/><\/figure><\/li><li class=\"blocks-gallery-item\"><figure><img decoding=\"async\" src=\"https:\/\/tt-groebenzell.de\/wp-content\/uploads\/2020\/11\/VM2015_4.jpg\" alt=\"\" data-id=\"433\" data-full-url=\"https:\/\/tt-groebenzell.de\/wp-content\/uploads\/2020\/11\/VM2015_4.jpg\" data-link=\"https:\/\/tt-groebenzell.de\/?attachment_id=433#main\" class=\"wp-image-433\"\/><\/figure><\/li><li class=\"blocks-gallery-item\"><figure><img decoding=\"async\" src=\"https:\/\/tt-groebenzell.de\/wp-content\/uploads\/2020\/11\/VM2015_5.jpg\" alt=\"\" data-id=\"434\" data-full-url=\"https:\/\/tt-groebenzell.de\/wp-content\/uploads\/2020\/11\/VM2015_5.jpg\" data-link=\"https:\/\/tt-groebenzell.de\/?attachment_id=434#main\" class=\"wp-image-434\"\/><\/figure><\/li><li class=\"blocks-gallery-item\"><figure><img decoding=\"async\" src=\"https:\/\/tt-groebenzell.de\/wp-content\/uploads\/2020\/11\/VM2015_6.jpg\" alt=\"\" data-id=\"435\" data-full-url=\"https:\/\/tt-groebenzell.de\/wp-content\/uploads\/2020\/11\/VM2015_6.jpg\" data-link=\"https:\/\/tt-groebenzell.de\/?attachment_id=435#main\" class=\"wp-image-435\"\/><\/figure><\/li><li class=\"blocks-gallery-item\"><figure><img decoding=\"async\" src=\"https:\/\/tt-groebenzell.de\/wp-content\/uploads\/2020\/11\/VM2015_7.jpg\" alt=\"\" data-id=\"436\" data-full-url=\"https:\/\/tt-groebenzell.de\/wp-content\/uploads\/2020\/11\/VM2015_7.jpg\" data-link=\"https:\/\/tt-groebenzell.de\/?attachment_id=436#main\" class=\"wp-image-436\"\/><\/figure><\/li><li class=\"blocks-gallery-item\"><figure><img decoding=\"async\" src=\"https:\/\/tt-groebenzell.de\/wp-content\/uploads\/2020\/11\/VM2015_8.jpg\" alt=\"\" data-id=\"437\" data-full-url=\"https:\/\/tt-groebenzell.de\/wp-content\/uploads\/2020\/11\/VM2015_8.jpg\" data-link=\"https:\/\/tt-groebenzell.de\/?attachment_id=437#main\" class=\"wp-image-437\"\/><\/figure><\/li><li class=\"blocks-gallery-item\"><figure><img decoding=\"async\" src=\"https:\/\/tt-groebenzell.de\/wp-content\/uploads\/2020\/11\/VM2015_9.jpg\" alt=\"\" data-id=\"438\" data-full-url=\"https:\/\/tt-groebenzell.de\/wp-content\/uploads\/2020\/11\/VM2015_9.jpg\" data-link=\"https:\/\/tt-groebenzell.de\/?attachment_id=438#main\" class=\"wp-image-438\"\/><\/figure><\/li><li class=\"blocks-gallery-item\"><figure><img decoding=\"async\" src=\"https:\/\/tt-groebenzell.de\/wp-content\/uploads\/2020\/11\/VM2015_10.jpg\" alt=\"\" data-id=\"439\" data-full-url=\"https:\/\/tt-groebenzell.de\/wp-content\/uploads\/2020\/11\/VM2015_10.jpg\" data-link=\"https:\/\/tt-groebenzell.de\/?attachment_id=439#main\" class=\"wp-image-439\"\/><\/figure><\/li><li class=\"blocks-gallery-item\"><figure><img decoding=\"async\" src=\"https:\/\/tt-groebenzell.de\/wp-content\/uploads\/2020\/11\/VM2015_11.jpg\" alt=\"\" data-id=\"440\" data-full-url=\"https:\/\/tt-groebenzell.de\/wp-content\/uploads\/2020\/11\/VM2015_11.jpg\" data-link=\"https:\/\/tt-groebenzell.de\/?attachment_id=440#main\" class=\"wp-image-440\"\/><\/figure><\/li><li class=\"blocks-gallery-item\"><figure><img decoding=\"async\" src=\"https:\/\/tt-groebenzell.de\/wp-content\/uploads\/2020\/11\/VM2015_12.jpg\" alt=\"\" data-id=\"441\" data-full-url=\"https:\/\/tt-groebenzell.de\/wp-content\/uploads\/2020\/11\/VM2015_12.jpg\" data-link=\"https:\/\/tt-groebenzell.de\/?attachment_id=441#main\" class=\"wp-image-441\"\/><\/figure><\/li><li class=\"blocks-gallery-item\"><figure><img decoding=\"async\" src=\"https:\/\/tt-groebenzell.de\/wp-content\/uploads\/2020\/11\/VM2015_13.jpg\" alt=\"\" data-id=\"442\" data-full-url=\"https:\/\/tt-groebenzell.de\/wp-content\/uploads\/2020\/11\/VM2015_13.jpg\" data-link=\"https:\/\/tt-groebenzell.de\/?attachment_id=442#main\" class=\"wp-image-442\"\/><\/figure><\/li><li class=\"blocks-gallery-item\"><figure><img decoding=\"async\" src=\"https:\/\/tt-groebenzell.de\/wp-content\/uploads\/2020\/11\/VM2015_14.jpg\" alt=\"\" data-id=\"443\" data-full-url=\"https:\/\/tt-groebenzell.de\/wp-content\/uploads\/2020\/11\/VM2015_14.jpg\" data-link=\"https:\/\/tt-groebenzell.de\/?attachment_id=443#main\" class=\"wp-image-443\"\/><\/figure><\/li><li class=\"blocks-gallery-item\"><figure><img decoding=\"async\" src=\"https:\/\/tt-groebenzell.de\/wp-content\/uploads\/2020\/11\/VM2015_15.jpg\" alt=\"\" data-id=\"444\" data-full-url=\"https:\/\/tt-groebenzell.de\/wp-content\/uploads\/2020\/11\/VM2015_15.jpg\" data-link=\"https:\/\/tt-groebenzell.de\/?attachment_id=444#main\" class=\"wp-image-444\"\/><\/figure><\/li><\/ul><\/figure>\n","protected":false},"excerpt":{"rendered":"<p>Unsere diesj\u00e4hrige Vereinsmeisterschaft 2015 der Erwachsenen, fand am 28. November statt. Es nahmen insgesamt 18 Spieler teil. Im Einzel konnte Peer-Sonne-Holm den Titel des Vereinsmeisters vor G\u00fcnther Gabriel erringen. Den dritten Platz belegte Peer Papior. Bei den Doppeln konnten sich G\u00fcnther Gabriel und Helmut Dobler vor Ruben Rotter und J\u00fcrgen Karthan den Titel sichern. Den &#8230; <a title=\"Vereinsmeisterschaft 2015\" class=\"read-more\" href=\"https:\/\/tt-groebenzell.de\/index.php\/vereinsmeisterschaft-2015\/\" aria-label=\"Mehr Informationen \u00fcber Vereinsmeisterschaft 2015\">Weiterlesen<\/a><\/p>\n","protected":false},"author":1,"featured_media":0,"parent":0,"menu_order":0,"comment_status":"closed","ping_status":"closed","template":"","meta":{"footnotes":""},"class_list":["post-427","page","type-page","status-publish"],"_links":{"self":[{"href":"https:\/\/tt-groebenzell.de\/index.php\/wp-json\/wp\/v2\/pages\/427","targetHints":{"allow":["GET"]}}],"collection":[{"href":"https:\/\/tt-groebenzell.de\/index.php\/wp-json\/wp\/v2\/pages"}],"about":[{"href":"https:\/\/tt-groebenzell.de\/index.php\/wp-json\/wp\/v2\/types\/page"}],"author":[{"embeddable":true,"href":"https:\/\/tt-groebenzell.de\/index.php\/wp-json\/wp\/v2\/users\/1"}],"replies":[{"embeddable":true,"href":"https:\/\/tt-groebenzell.de\/index.php\/wp-json\/wp\/v2\/comments?post=427"}],"version-history":[{"count":1,"href":"https:\/\/tt-groebenzell.de\/index.php\/wp-json\/wp\/v2\/pages\/427\/revisions"}],"predecessor-version":[{"id":5782,"href":"https:\/\/tt-groebenzell.de\/index.php\/wp-json\/wp\/v2\/pages\/427\/revisions\/5782"}],"wp:attachment":[{"href":"https:\/\/tt-groebenzell.de\/index.php\/wp-json\/wp\/v2\/media?parent=427"}],"curies":[{"name":"wp","href":"https:\/\/api.w.org\/{rel}","templated":true}]}}