{"id":390,"date":"2020-11-22T10:33:34","date_gmt":"2020-11-22T10:33:34","guid":{"rendered":"https:\/\/new.tt-groebenzell.de\/?page_id=390"},"modified":"2025-04-28T18:59:34","modified_gmt":"2025-04-28T18:59:34","slug":"vereinsmeisterschaft-2011","status":"publish","type":"page","link":"https:\/\/tt-groebenzell.de\/index.php\/vereinsmeisterschaft-2011\/","title":{"rendered":"Vereinsmeisterschaft 2011"},"content":{"rendered":"\n<div class=\"wp-block-image\"><figure class=\"aligncenter size-large\"><img decoding=\"async\" src=\"https:\/\/tt-groebenzell.de\/wp-content\/uploads\/2020\/11\/Vereinsmeisterschaft2011_Tagblatt.jpg\" alt=\"\" class=\"wp-image-391\"\/><figcaption>F\u00fcrstenfeldbrucker Tagblatt vom 21.12.2011<\/figcaption><\/figure><\/div>\n\n\n\n<p>Unsere diesj\u00e4hrige Vereinsmeisterschaft 2011 der Erwachsenen, fand am 3. Dezember statt. Es nahmen insgesamt 17 Spieler teil.<\/p>\n\n\n\n<p>Im Einzel konnte Werner Bergmann den Titel des Vereinsmeisters vor J\u00fcrgen Karthan verteidigen. Den dritten Platz belegten Roland B\u00f6ck und Emmanuel Burghardt.<\/p>\n\n\n\n<p>Bei den Doppeln konnten sich Roman Gast und Stefan Plendl vor Richard Prost und Roland B\u00f6ck den Titel sichern. Den dritten Platz belegten die Doppel Burghardt\/Espich und Helmut Dobler\/J\u00fcrgen Karthan.<\/p>\n\n\n\n<p>Wir danken Werner Bergmann und Wolfgang Zimolong f\u00fcr die gute Organisation und Durchf\u00fchrung des Turniers, und gratulieren den Teilnehmern recht herzlich !<\/p>\n\n\n\n<p>Unsere diesj\u00e4hrige Jugend &#8211; Vereinsmeisterschaft 2011, an welcher 12 Jugendliche teilnahmen, f\u00fchrten wir ebenfalls am 3. Dezember durch.<\/p>\n\n\n\n<p>Im Einzel wurde, wie bereits in den beiden Jahren zuvor, Fabian Kierner vor Sebastian Sikora und Luca G\u00e4rtner Vereinsmeister.<\/p>\n\n\n\n<p>Bei den Doppeln konnten sich Anne Schattenberg\/Corbinian Naucke vor Luca Gaertner\/Benedikt Heckner durchsetzen. Den dritten Platz belegte das Doppel Sebastian Sikora\/Luka Paschert.<\/p>\n\n\n\n<p>Wir danken Gustav Wimmer und Wolfgang Zimolong f\u00fcr die gute Organisation und Durchf\u00fchrung des Turniers, und gratulieren den Teilnehmern recht herzlich !<\/p>\n\n\n\n<ul class=\"wp-block-list\"><li><a href=\"https:\/\/tt-groebenzell.de\/wp-content\/uploads\/2020\/11\/Vereinsmeisterschaft2011_Gruppe.pdf\" target=\"_blank\" rel=\"noreferrer noopener\">Herren Ergebnisse Gruppenrunde<\/a><\/li><li><a href=\"https:\/\/tt-groebenzell.de\/wp-content\/uploads\/2020\/11\/Vereinsmeisterschaft2011_Finalrunde.pdf\" target=\"_blank\" rel=\"noreferrer noopener\">Herren Ergebnisse Finalrunde und Doppel<\/a><\/li><li><a href=\"https:\/\/tt-groebenzell.de\/wp-content\/uploads\/2020\/11\/Vereinsmeisterschaft2011_Jugend_Einzel.pdf\" target=\"_blank\" rel=\"noreferrer noopener\">Jugend Ergebnisse Einzel<\/a><\/li><li><a href=\"https:\/\/tt-groebenzell.de\/wp-content\/uploads\/2020\/11\/Vereinsmeisterschaft2011_Jugend_Doppel.pdf\" target=\"_blank\" rel=\"noreferrer noopener\">Jugend Ergebnisse Doppel<\/a><\/li><\/ul>\n","protected":false},"excerpt":{"rendered":"<p>Unsere diesj\u00e4hrige Vereinsmeisterschaft 2011 der Erwachsenen, fand am 3. Dezember statt. Es nahmen insgesamt 17 Spieler teil. Im Einzel konnte Werner Bergmann den Titel des Vereinsmeisters vor J\u00fcrgen Karthan verteidigen. Den dritten Platz belegten Roland B\u00f6ck und Emmanuel Burghardt. Bei den Doppeln konnten sich Roman Gast und Stefan Plendl vor Richard Prost und Roland B\u00f6ck &#8230; <a title=\"Vereinsmeisterschaft 2011\" class=\"read-more\" href=\"https:\/\/tt-groebenzell.de\/index.php\/vereinsmeisterschaft-2011\/\" aria-label=\"Mehr Informationen \u00fcber Vereinsmeisterschaft 2011\">Weiterlesen<\/a><\/p>\n","protected":false},"author":1,"featured_media":0,"parent":0,"menu_order":0,"comment_status":"closed","ping_status":"closed","template":"","meta":{"footnotes":""},"class_list":["post-390","page","type-page","status-publish"],"_links":{"self":[{"href":"https:\/\/tt-groebenzell.de\/index.php\/wp-json\/wp\/v2\/pages\/390","targetHints":{"allow":["GET"]}}],"collection":[{"href":"https:\/\/tt-groebenzell.de\/index.php\/wp-json\/wp\/v2\/pages"}],"about":[{"href":"https:\/\/tt-groebenzell.de\/index.php\/wp-json\/wp\/v2\/types\/page"}],"author":[{"embeddable":true,"href":"https:\/\/tt-groebenzell.de\/index.php\/wp-json\/wp\/v2\/users\/1"}],"replies":[{"embeddable":true,"href":"https:\/\/tt-groebenzell.de\/index.php\/wp-json\/wp\/v2\/comments?post=390"}],"version-history":[{"count":1,"href":"https:\/\/tt-groebenzell.de\/index.php\/wp-json\/wp\/v2\/pages\/390\/revisions"}],"predecessor-version":[{"id":5778,"href":"https:\/\/tt-groebenzell.de\/index.php\/wp-json\/wp\/v2\/pages\/390\/revisions\/5778"}],"wp:attachment":[{"href":"https:\/\/tt-groebenzell.de\/index.php\/wp-json\/wp\/v2\/media?parent=390"}],"curies":[{"name":"wp","href":"https:\/\/api.w.org\/{rel}","templated":true}]}}