{"id":370,"date":"2020-11-22T09:49:29","date_gmt":"2020-11-22T09:49:29","guid":{"rendered":"https:\/\/new.tt-groebenzell.de\/?page_id=370"},"modified":"2025-05-02T08:50:23","modified_gmt":"2025-05-02T08:50:23","slug":"vereinsmeisterschaft-2008","status":"publish","type":"page","link":"https:\/\/tt-groebenzell.de\/index.php\/vereinsmeisterschaft-2008\/","title":{"rendered":"Vereinsmeisterschaft 2008"},"content":{"rendered":"\n<figure class=\"wp-block-image size-large\"><img decoding=\"async\" src=\"https:\/\/tt-groebenzell.de\/wp-content\/uploads\/2020\/11\/Vereinsmeisterschaft2008.jpg\" alt=\"\" class=\"wp-image-371\"\/><figcaption>Starterfeld 2008<\/figcaption><\/figure>\n\n\n\n<p>Bei unseren diesj\u00e4hrigen Vereinsmeisterschaften, die wir am 13. Dezember 2008 durchf\u00fchrten, wurde wie bereits im Vorjahr Bernhard Wimmer Vereinsmeister bei den Herren. Die Pl\u00e4tze zwei und drei belegten Roman Gast und Werner Bergmann.<\/p>\n\n\n\n<p>Im Doppel konnten sich Bernhard Wimmer\/Roman Gast vor Heltmut Dobler\/Carsten Sprung durchsetzen. Die Doppel Werner Bergmann\/Thomas Plend und Rainer Schatzl\/Dominik Kreiss belegten den 3. Platz.<\/p>\n\n\n\n<p>Bei den Jugendlichen wurde Dominik Kreiss vor Leonhard Mayrhofer und Sebastian Sikora Vereinsmeister.<\/p>\n\n\n\n<p>In den Doppeln gab es bei unseren Jugendlichen folgende Platzierungen: Vereinsmeister wurden Dominik Kreiss\/Johannes Pagel vor Leonhard Mayrhofer\/Sebastian Sikora und Anne Schattenberg\/Bastian Schattenberg.<\/p>\n\n\n\n<p>Wir gratulieren recht herzlich !<\/p>\n\n\n\n<ul class=\"wp-block-list\"><li><a href=\"https:\/\/tt-groebenzell.de\/wp-content\/uploads\/2020\/11\/Vereinsmeisterschaft2008_Gruppe.pdf\" target=\"_blank\" rel=\"noreferrer noopener\">Herren Ergebnisse Gruppenrunde<\/a><\/li><li><a href=\"https:\/\/tt-groebenzell.de\/wp-content\/uploads\/2020\/11\/Vereinsmeisterschaft2008_Finalrunde.pdf\" target=\"_blank\" rel=\"noreferrer noopener\">Herren Ergebnisse Finalrunde und Doppel<\/a><\/li><li><a href=\"https:\/\/tt-groebenzell.de\/wp-content\/uploads\/2020\/11\/Vereinsmeisterschaft2008_Jugend_Gruppe.pdf\" target=\"_blank\" rel=\"noreferrer noopener\">Jugend Ergebnisse Gruppenrunde<\/a><\/li><li><a href=\"https:\/\/tt-groebenzell.de\/wp-content\/uploads\/2020\/11\/Vereinsmeisterschaft2008_Jugend_Finalrunde.pdf\" target=\"_blank\" rel=\"noreferrer noopener\">Jugend Ergebnisse Finalrunde und Doppel<\/a><\/li><\/ul>\n","protected":false},"excerpt":{"rendered":"<p>Bei unseren diesj\u00e4hrigen Vereinsmeisterschaften, die wir am 13. Dezember 2008 durchf\u00fchrten, wurde wie bereits im Vorjahr Bernhard Wimmer Vereinsmeister bei den Herren. Die Pl\u00e4tze zwei und drei belegten Roman Gast und Werner Bergmann. Im Doppel konnten sich Bernhard Wimmer\/Roman Gast vor Heltmut Dobler\/Carsten Sprung durchsetzen. Die Doppel Werner Bergmann\/Thomas Plend und Rainer Schatzl\/Dominik Kreiss belegten &#8230; <a title=\"Vereinsmeisterschaft 2008\" class=\"read-more\" href=\"https:\/\/tt-groebenzell.de\/index.php\/vereinsmeisterschaft-2008\/\" aria-label=\"Mehr Informationen \u00fcber Vereinsmeisterschaft 2008\">Weiterlesen<\/a><\/p>\n","protected":false},"author":1,"featured_media":0,"parent":0,"menu_order":0,"comment_status":"closed","ping_status":"closed","template":"","meta":{"footnotes":""},"class_list":["post-370","page","type-page","status-publish"],"_links":{"self":[{"href":"https:\/\/tt-groebenzell.de\/index.php\/wp-json\/wp\/v2\/pages\/370","targetHints":{"allow":["GET"]}}],"collection":[{"href":"https:\/\/tt-groebenzell.de\/index.php\/wp-json\/wp\/v2\/pages"}],"about":[{"href":"https:\/\/tt-groebenzell.de\/index.php\/wp-json\/wp\/v2\/types\/page"}],"author":[{"embeddable":true,"href":"https:\/\/tt-groebenzell.de\/index.php\/wp-json\/wp\/v2\/users\/1"}],"replies":[{"embeddable":true,"href":"https:\/\/tt-groebenzell.de\/index.php\/wp-json\/wp\/v2\/comments?post=370"}],"version-history":[{"count":1,"href":"https:\/\/tt-groebenzell.de\/index.php\/wp-json\/wp\/v2\/pages\/370\/revisions"}],"predecessor-version":[{"id":5775,"href":"https:\/\/tt-groebenzell.de\/index.php\/wp-json\/wp\/v2\/pages\/370\/revisions\/5775"}],"wp:attachment":[{"href":"https:\/\/tt-groebenzell.de\/index.php\/wp-json\/wp\/v2\/media?parent=370"}],"curies":[{"name":"wp","href":"https:\/\/api.w.org\/{rel}","templated":true}]}}