{"id":1897,"date":"2024-11-17T13:31:26","date_gmt":"2024-11-17T13:31:26","guid":{"rendered":"https:\/\/tt-groebenzell.de\/?page_id=1897"},"modified":"2024-11-20T20:09:36","modified_gmt":"2024-11-20T20:09:36","slug":"vereinsmeisterschaft-2024","status":"publish","type":"page","link":"https:\/\/tt-groebenzell.de\/index.php\/vereinsmeisterschaft-2024\/","title":{"rendered":"Vereinsmeisterschaft 2024"},"content":{"rendered":"\n<p><strong>Bernhard Wimmer l\u00f6st Seriensieger Benedikt Schwarzgruber als Vereinsmeister ab<\/strong><\/p>\n\n\n\n<p>Ein paar Teilnehmer mehr h\u00e4tte unser Traditionsturnier schon verdient gehabt, aber diesmal ging Qualit\u00e4t \u00fcber Quantit\u00e4t. Liegt nat\u00fcrlich auch mit an den vielen Langzeitverletzten, die uns auch schon in der Punktrunde so fehlen.<\/p>\n\n\n\n<p>Trotzdem ergaben sich zwei spannende Gruppen mit nicht nur vorhersehbaren <a href=\"https:\/\/tt-groebenzell.de\/wp-content\/uploads\/2024\/11\/SCG_TT_VM_2024_Ergebnisse.pdf\" data-type=\"link\" data-id=\"https:\/\/tt-groebenzell.de\/wp-content\/uploads\/2024\/11\/SCG_TT_VM_2024_Ergebnisse.pdf\">Ergebnissen<\/a>.<\/p>\n\n\n\n<p>Sehr knapp wars an der Spitze der Gruppe A: Bernhard Wimmer, Marco Norwig und Werner Bergmann leisteten sich untereinander jeweils genau eine Niederlage und die S\u00e4tze mussten \u00fcber das Weiterkommen entscheiden. Bernhard hatte hier die Nase um einen Satz vorn, zwischen Marco und Werner entschied bei Satzgleichheit der direkte Vergleich den Halbfinaleinzug.<\/p>\n\n\n\n<p>In der zweiten Gruppe wars nicht ganz so knapp, aber einige enge Spiele waren auch hier hei\u00df umk\u00e4mpft. Der Titelverteidiger Bene Schwarzgruber musste beim 1:3 gegen Roland B\u00f6ck den zum Gruppensieg \u00fcberlassen und hatte auch in den Begegnungen gegen Thomas Plendl und seinen Bruder Sebastian jeweils mit 3:2 zu k\u00e4mpfen, konnte aber trotzdem den Halbfinaleinzug klarmachen.<\/p>\n\n\n\n<p>In der Finalrunde gings dann genauso spannend weiter: Marco setzte sein sicheres und immer druckvolleres Spiel fort und konnte so mit seinem Satzgewinn gegen Roland nochmal einen Spieler aus der Ersten in Bedr\u00e4ngnis bringen. Im anderen Halbfinale wars noch enger und Bernhard gelang es den Vorjahressieger Bene knapp mit 3:2 zu bezwingen.<\/p>\n\n\n\n<p>So kams zum Finale zwischen zwei Spielern aus der 1.Mannschaft. Nach vielen hervorragenden Ballwechseln konnte Bernhard erst im knappen 5.Satz seiner Favoritenrolle gerecht werden. Nach vielen Jahren Pause bei einem h\u00f6herklassigen Verein in der Nachbarschaft konnte er sich nach der R\u00fcckkehr zu seinem Heimatverein gleich erneut in die Liste der Vereinsmeister eintragen. Herzlichen Gl\u00fcckwunsch!<\/p>\n\n\n<div class=\"wp-block-image\">\n<figure class=\"alignleft size-full is-resized\"><img loading=\"lazy\" decoding=\"async\" width=\"584\" height=\"392\" src=\"https:\/\/tt-groebenzell.de\/wp-content\/uploads\/2024\/11\/Siegerfoto2024VM.jpg\" alt=\"\" class=\"wp-image-1899\" style=\"width:300px;height:auto\" srcset=\"https:\/\/tt-groebenzell.de\/wp-content\/uploads\/2024\/11\/Siegerfoto2024VM.jpg 584w, https:\/\/tt-groebenzell.de\/wp-content\/uploads\/2024\/11\/Siegerfoto2024VM-300x201.jpg 300w\" sizes=\"auto, (max-width: 584px) 100vw, 584px\" \/><figcaption class=\"wp-element-caption\">4 Sieger auf dem Olympischen Treppchen&nbsp;&nbsp;&nbsp;&nbsp;&nbsp;&nbsp;&nbsp;&nbsp;&nbsp;<\/figcaption><\/figure>\n<\/div>\n\n<div class=\"wp-block-image\">\n<figure class=\"alignright size-full is-resized\"><img loading=\"lazy\" decoding=\"async\" width=\"822\" height=\"392\" src=\"https:\/\/tt-groebenzell.de\/wp-content\/uploads\/2024\/11\/Teilnehmerfoto2024VM.jpg\" alt=\"\" class=\"wp-image-1900\" style=\"width:397px;height:auto\" srcset=\"https:\/\/tt-groebenzell.de\/wp-content\/uploads\/2024\/11\/Teilnehmerfoto2024VM.jpg 822w, https:\/\/tt-groebenzell.de\/wp-content\/uploads\/2024\/11\/Teilnehmerfoto2024VM-300x143.jpg 300w, https:\/\/tt-groebenzell.de\/wp-content\/uploads\/2024\/11\/Teilnehmerfoto2024VM-768x366.jpg 768w\" sizes=\"auto, (max-width: 822px) 100vw, 822px\" \/><figcaption class=\"wp-element-caption\">&nbsp;Die Teilnehmer freuen sich \u00fcber die Erfrischung danach<\/figcaption><\/figure>\n<\/div>","protected":false},"excerpt":{"rendered":"<p>Bernhard Wimmer l\u00f6st Seriensieger Benedikt Schwarzgruber als Vereinsmeister ab Ein paar Teilnehmer mehr h\u00e4tte unser Traditionsturnier schon verdient gehabt, aber diesmal ging Qualit\u00e4t \u00fcber Quantit\u00e4t. Liegt nat\u00fcrlich auch mit an den vielen Langzeitverletzten, die uns auch schon in der Punktrunde so fehlen. Trotzdem ergaben sich zwei spannende Gruppen mit nicht nur vorhersehbaren Ergebnissen. Sehr knapp &#8230; <a title=\"Vereinsmeisterschaft 2024\" class=\"read-more\" href=\"https:\/\/tt-groebenzell.de\/index.php\/vereinsmeisterschaft-2024\/\" aria-label=\"Mehr Informationen \u00fcber Vereinsmeisterschaft 2024\">Weiterlesen<\/a><\/p>\n","protected":false},"author":7,"featured_media":0,"parent":0,"menu_order":0,"comment_status":"closed","ping_status":"closed","template":"","meta":{"footnotes":""},"class_list":["post-1897","page","type-page","status-publish"],"_links":{"self":[{"href":"https:\/\/tt-groebenzell.de\/index.php\/wp-json\/wp\/v2\/pages\/1897","targetHints":{"allow":["GET"]}}],"collection":[{"href":"https:\/\/tt-groebenzell.de\/index.php\/wp-json\/wp\/v2\/pages"}],"about":[{"href":"https:\/\/tt-groebenzell.de\/index.php\/wp-json\/wp\/v2\/types\/page"}],"author":[{"embeddable":true,"href":"https:\/\/tt-groebenzell.de\/index.php\/wp-json\/wp\/v2\/users\/7"}],"replies":[{"embeddable":true,"href":"https:\/\/tt-groebenzell.de\/index.php\/wp-json\/wp\/v2\/comments?post=1897"}],"version-history":[{"count":3,"href":"https:\/\/tt-groebenzell.de\/index.php\/wp-json\/wp\/v2\/pages\/1897\/revisions"}],"predecessor-version":[{"id":1909,"href":"https:\/\/tt-groebenzell.de\/index.php\/wp-json\/wp\/v2\/pages\/1897\/revisions\/1909"}],"wp:attachment":[{"href":"https:\/\/tt-groebenzell.de\/index.php\/wp-json\/wp\/v2\/media?parent=1897"}],"curies":[{"name":"wp","href":"https:\/\/api.w.org\/{rel}","templated":true}]}}