{"id":1671,"date":"2023-10-05T18:34:56","date_gmt":"2023-10-05T18:34:56","guid":{"rendered":"https:\/\/tt-groebenzell.de\/?page_id=1671"},"modified":"2023-11-22T17:23:55","modified_gmt":"2023-11-22T17:23:55","slug":"1-jugendmannschaft-2023-24","status":"publish","type":"page","link":"https:\/\/tt-groebenzell.de\/index.php\/1-jugendmannschaft-2023-24\/","title":{"rendered":"1. Jugendmannschaft 2023\/24"},"content":{"rendered":"\n<div class=\"wp-block-media-text is-stacked-on-mobile\"><figure class=\"wp-block-media-text__media\"><img loading=\"lazy\" decoding=\"async\" width=\"1024\" height=\"576\" src=\"https:\/\/tt-groebenzell.de\/wp-content\/uploads\/2023\/11\/231121_Jugend-1024x576.jpg\" alt=\"\" class=\"wp-image-1689 size-full\" srcset=\"https:\/\/tt-groebenzell.de\/wp-content\/uploads\/2023\/11\/231121_Jugend-1024x576.jpg 1024w, https:\/\/tt-groebenzell.de\/wp-content\/uploads\/2023\/11\/231121_Jugend-300x169.jpg 300w, https:\/\/tt-groebenzell.de\/wp-content\/uploads\/2023\/11\/231121_Jugend-768x432.jpg 768w, https:\/\/tt-groebenzell.de\/wp-content\/uploads\/2023\/11\/231121_Jugend-1536x864.jpg 1536w, https:\/\/tt-groebenzell.de\/wp-content\/uploads\/2023\/11\/231121_Jugend-2048x1152.jpg 2048w\" sizes=\"auto, (max-width: 1024px) 100vw, 1024px\" \/><\/figure><div class=\"wp-block-media-text__content\">\n<p>Nach zwei Niederlagen zu Beginn eilt unsere neue Jugendannschaft von Sieg zu Sieg. Schon viermal konnten sie ihre Gegner bezwingen; das Foto zeigt sie freudestrahlend nach dem 7:3 Sieg gegen Gilching Argelsried: v. li. -> re.:<br>Arthur Most, Leo Breitkopf, Joris Menger und David Heyne am 21. Nov. 2023<\/p>\n<\/div><\/div>\n\n\n\n<hr class=\"wp-block-separator has-alpha-channel-opacity\"\/>\n\n\n\n<p><strong>Wir sind wieder zur\u00fcck<\/strong>. Nach mehrj\u00e4hriger Unterbrechung hat unsere 1. Jugendmannschaft ihr erstes Punktspiel in der Bezirksklasse C Gruppe 1 Nordost gegen den SV Esting X bestritten.<\/p>\n\n\n\n<p>Wir haben das Spiel leider 7:3 verloren und die Punktelieferanten waren 2x Joris Menger und Noel Reichgruber. Die gezeigten Leistungen geben&nbsp;Anlass zur Hoffnung f\u00fcr die Zukunft. Wichtig war jedoch, dass Alle mit gro\u00dfem Einsatz und viel Spa\u00df bei der Sache waren.&nbsp;<\/p>\n\n\n\n<figure class=\"wp-block-image size-large\"><img loading=\"lazy\" decoding=\"async\" width=\"1024\" height=\"768\" src=\"https:\/\/tt-groebenzell.de\/wp-content\/uploads\/2023\/10\/Jgd.-Esting-1024x768.jpg\" alt=\"\" class=\"wp-image-1673\" srcset=\"https:\/\/tt-groebenzell.de\/wp-content\/uploads\/2023\/10\/Jgd.-Esting-1024x768.jpg 1024w, https:\/\/tt-groebenzell.de\/wp-content\/uploads\/2023\/10\/Jgd.-Esting-300x225.jpg 300w, https:\/\/tt-groebenzell.de\/wp-content\/uploads\/2023\/10\/Jgd.-Esting-768x576.jpg 768w, https:\/\/tt-groebenzell.de\/wp-content\/uploads\/2023\/10\/Jgd.-Esting-1536x1152.jpg 1536w, https:\/\/tt-groebenzell.de\/wp-content\/uploads\/2023\/10\/Jgd.-Esting-2048x1536.jpg 2048w\" sizes=\"auto, (max-width: 1024px) 100vw, 1024px\" \/><\/figure>\n\n\n\n<p>von links nach rechts: Joris Menger, Leopold Breitkopf, Noel Reichgruber, Maximilian Haseneder.<br>(W.Z.)<\/p>\n","protected":false},"excerpt":{"rendered":"<p>Nach zwei Niederlagen zu Beginn eilt unsere neue Jugendannschaft von Sieg zu Sieg. Schon viermal konnten sie ihre Gegner bezwingen; das Foto zeigt sie freudestrahlend nach dem 7:3 Sieg gegen Gilching Argelsried: v. li. -> re.:Arthur Most, Leo Breitkopf, Joris Menger und David Heyne am 21. Nov. 2023 Wir sind wieder zur\u00fcck. Nach mehrj\u00e4hriger Unterbrechung &#8230; <a title=\"1. Jugendmannschaft 2023\/24\" class=\"read-more\" href=\"https:\/\/tt-groebenzell.de\/index.php\/1-jugendmannschaft-2023-24\/\" aria-label=\"Mehr Informationen \u00fcber 1. Jugendmannschaft 2023\/24\">Weiterlesen<\/a><\/p>\n","protected":false},"author":7,"featured_media":0,"parent":0,"menu_order":0,"comment_status":"closed","ping_status":"closed","template":"","meta":{"footnotes":""},"class_list":["post-1671","page","type-page","status-publish"],"_links":{"self":[{"href":"https:\/\/tt-groebenzell.de\/index.php\/wp-json\/wp\/v2\/pages\/1671","targetHints":{"allow":["GET"]}}],"collection":[{"href":"https:\/\/tt-groebenzell.de\/index.php\/wp-json\/wp\/v2\/pages"}],"about":[{"href":"https:\/\/tt-groebenzell.de\/index.php\/wp-json\/wp\/v2\/types\/page"}],"author":[{"embeddable":true,"href":"https:\/\/tt-groebenzell.de\/index.php\/wp-json\/wp\/v2\/users\/7"}],"replies":[{"embeddable":true,"href":"https:\/\/tt-groebenzell.de\/index.php\/wp-json\/wp\/v2\/comments?post=1671"}],"version-history":[{"count":5,"href":"https:\/\/tt-groebenzell.de\/index.php\/wp-json\/wp\/v2\/pages\/1671\/revisions"}],"predecessor-version":[{"id":1692,"href":"https:\/\/tt-groebenzell.de\/index.php\/wp-json\/wp\/v2\/pages\/1671\/revisions\/1692"}],"wp:attachment":[{"href":"https:\/\/tt-groebenzell.de\/index.php\/wp-json\/wp\/v2\/media?parent=1671"}],"curies":[{"name":"wp","href":"https:\/\/api.w.org\/{rel}","templated":true}]}}