{"id":1348,"date":"2022-04-13T15:24:41","date_gmt":"2022-04-13T15:24:41","guid":{"rendered":"https:\/\/tt-groebenzell.de\/?page_id=1348"},"modified":"2022-07-26T11:53:08","modified_gmt":"2022-07-26T11:53:08","slug":"vereinsmeisterschaft-2021","status":"publish","type":"page","link":"https:\/\/tt-groebenzell.de\/index.php\/vereinsmeisterschaft-2021\/","title":{"rendered":"Vereinsmeisterschaft 2021"},"content":{"rendered":"\n<p>Den traditionellen Termin f\u00fcr die VM am Jahresende 2021 hatte der Corona Lockdown zunichte gemacht. Das Turnier wurde deshalb gleich nach der Punkterunde im April22 nachgeholt und es fanden sich immerhin <a href=\"https:\/\/tt-groebenzell.de\/wp-content\/uploads\/2022\/04\/SCG_TT_VM_2021-V01.pdf\" target=\"_blank\" rel=\"noreferrer noopener\">14 Teilnehmer<\/a>. Wobei sich die routinierten Spieler der 1.Mannschaft mit Ausnahme von Corbinian Naucke in vornehmer Zur\u00fcckhaltung \u00fcbten. Vielleicht war der Termin kurz vor den Osterferien doch nicht optimal gew\u00e4hlt. Umso erfreulicher war es daf\u00fcr fast alle unsere Junioren unter 21 im Starterfeld begr\u00fc\u00dfen zu k\u00f6nnen.<\/p>\n\n\n\n<p>Die Junioren hatten etwas Lospech bei der Gruppenauslosung, weil 4 der 5 in eine 5er-Gruppe gelost wurden. Damit war klar, dass sich zwar mindestens 2 f\u00fcrs Viertelfinale qualifizieren w\u00fcrden, was am Ende den beiden Schwarzgruber Br\u00fcdern gelang. Benedikt als souver\u00e4ner Gruppenerster mit nur 2 Satzverlusten; Sebastian als Dritter. Aber f\u00fcr Jesper Egeling als auch Maxi Diepold war das Turnier nach der Gruppenrunde leider schon zu Ende.<br>In der zweiten 5er-Gruppe nutzte Marco Ammerl die Gunst der Stunde und unterlag in der Gruppe nur dem favorisierten Gruppensieger Roland B\u00f6ck.<br>Ausnahmslos sehr erfahrene Spieler hatte das Los in der 4er-Gruppe zusammengef\u00fchrt. Es setzten sich die Favoriten Stephan Rotter und Corbinian Naucke durch, wobei der knappe Sieg von Stephan \u00fcber Corbinian schon die erste \u00dcberraschung des Turniers war.<\/p>\n\n\n\n<p>Die einzelnen Ergebnisse der ersten Gruppenrunde:<a href=\"https:\/\/tt-groebenzell.de\/wp-content\/uploads\/2022\/04\/SCG_TT_VM_2021_Gruppen.pdf\"> <\/a><strong><a href=\"https:\/\/tt-groebenzell.de\/wp-content\/uploads\/2022\/04\/SCG_TT_VM_2021_Gruppenphase.pdf\">hier<\/a><\/strong><a rel=\"noreferrer noopener\" href=\"https:\/\/tt-groebenzell.de\/wp-content\/uploads\/2022\/04\/SCG_TT_VM_2021_Gruppen.pdf\" target=\"_blank\"> <\/a><\/p>\n\n\n\n<p>In den Viertelfinals waren die Gruppensieger gesetzt, die anderen 5 Spieler dazu gelost: wieder kam es zu einem Juniorenduell, das Benedikt gegen Marco f\u00fcr sich entscheiden konnte. Aber auch sein Bruder konnte sich durch einen klaren 3:0 Sieg \u00fcber den weit h\u00f6her eingestuften Christian Kreuzer f\u00fcrs Halbfinale qualifizieren. Wesentlich knapper ging es in den beiden anderen Paarungen zwischen Spielern der 1. und 2. Mannschaft zu: Corbinian Naucke gg. Roland B\u00f6ck und Werner Bergmann gg. Stephan Rotter waren in den knappen Spielen die etwas gl\u00fccklicheren, die das Halbfinale erreichten.<\/p>\n\n\n\n<p>Die Halbfinals waren dann enger, als es die beiden 3:0 Ergebnisse wiedergeben. Benedikt Schwarzgruber und Werner Bergmann konnten sich in engen S\u00e4tzen jeweils nur knapp gegen Corbinian Naucke und Sebastian Schwarzgruber durchsetzen.<\/p>\n\n\n\n<p>Das Finale entschied dann Bene Schwarzgruber nach abgewehrtem Matchball im 5.Satz klar f\u00fcr sich. Platz 2 und 3 erreichten Werner Bergmann und Corbinian Naucke. Gl\u00fcckwunsch an den neuen Vereinsmeister 2021 und die Platzierten !<\/p>\n\n\n\n<p>Die einzelnen Ergebnisse der Final-Runde:<a href=\"https:\/\/tt-groebenzell.de\/wp-content\/uploads\/2022\/04\/SCG_TT_VM_2021_Endrunde.pdf\" target=\"_blank\" rel=\"noreferrer noopener\"> <strong>hier<\/strong> <\/a><\/p>\n\n\n\n<p>Und hier das Siegerfoto:<\/p>\n\n\n\n<figure class=\"wp-block-image size-large\"><img loading=\"lazy\" decoding=\"async\" width=\"1024\" height=\"605\" src=\"https:\/\/tt-groebenzell.de\/wp-content\/uploads\/2022\/05\/VM21_Siegerfoto-1024x605.jpg\" alt=\"\" class=\"wp-image-1386\" srcset=\"https:\/\/tt-groebenzell.de\/wp-content\/uploads\/2022\/05\/VM21_Siegerfoto-1024x605.jpg 1024w, https:\/\/tt-groebenzell.de\/wp-content\/uploads\/2022\/05\/VM21_Siegerfoto-300x177.jpg 300w, https:\/\/tt-groebenzell.de\/wp-content\/uploads\/2022\/05\/VM21_Siegerfoto-768x454.jpg 768w, https:\/\/tt-groebenzell.de\/wp-content\/uploads\/2022\/05\/VM21_Siegerfoto.jpg 1066w\" sizes=\"auto, (max-width: 1024px) 100vw, 1024px\" \/><\/figure>\n\n\n\n<p>Die Club-Meisterschaften 2021 wurden mit der Doppelkonkurrenz am 24.Juni abgeschlossen:<\/p>\n\n\n\n<p>Da diesmal die meisten der in der neuen Rangliste weit oben Platzierten dabei waren und auch die spielerisch starken Junioren auch Ambitionen auf ihre ersten Herrentitel hatten, ergab sich eine top-besetzte Konkurrenz. Durch ein kombiniertes Setz-\/Losverfahren erreichte der Turnierleiter Gerald Espich nahezu ausgeglichen starke Doppelpaarungen. In der Gruppenphase wurde jeder gegen jeden gespielt und die beiden Erstplatzierten qualifizierten sich f\u00fcrs Halbfinale. Als Halbfinalsieger qualifizierten sich Roland B\u00f6ck \/ Stephan Rotter sowie Corbinian Naucke \/ Christian Kreuzer f\u00fcrs Endspiel. Dort setzten sich die etwas J\u00fcngeren gegen die Erfahrenen im 5. Satz in der Verl\u00e4ngerung nach abgewehrtem Matchball durch. Knapper ist in den letzten Jahren selten ein Finale gewonnen worden. Auch im Spiel um Platz 3 gings hoch her. Hier setzten sich mit Benedikt Schwarzgruber \/ Linus Kammermeier zwei unserer aufstrebenden Junioren in vier S\u00e4tzen gegen Guido Sch\u00f6n und Sebastian Schwarzgruber durch.<\/p>\n\n\n\n<p>Hier die drei Siegerteams:<\/p>\n\n\n\n<figure class=\"wp-block-image size-full\"><img loading=\"lazy\" decoding=\"async\" width=\"702\" height=\"395\" src=\"https:\/\/tt-groebenzell.de\/wp-content\/uploads\/2022\/07\/Doppel2021.jpg\" alt=\"\" class=\"wp-image-1418\" srcset=\"https:\/\/tt-groebenzell.de\/wp-content\/uploads\/2022\/07\/Doppel2021.jpg 702w, https:\/\/tt-groebenzell.de\/wp-content\/uploads\/2022\/07\/Doppel2021-300x169.jpg 300w\" sizes=\"auto, (max-width: 702px) 100vw, 702px\" \/><\/figure>\n","protected":false},"excerpt":{"rendered":"<p>Den traditionellen Termin f\u00fcr die VM am Jahresende 2021 hatte der Corona Lockdown zunichte gemacht. Das Turnier wurde deshalb gleich nach der Punkterunde im April22 nachgeholt und es fanden sich immerhin 14 Teilnehmer. Wobei sich die routinierten Spieler der 1.Mannschaft mit Ausnahme von Corbinian Naucke in vornehmer Zur\u00fcckhaltung \u00fcbten. Vielleicht war der Termin kurz vor &#8230; <a title=\"Vereinsmeisterschaft 2021\" class=\"read-more\" href=\"https:\/\/tt-groebenzell.de\/index.php\/vereinsmeisterschaft-2021\/\" aria-label=\"Mehr Informationen \u00fcber Vereinsmeisterschaft 2021\">Weiterlesen<\/a><\/p>\n","protected":false},"author":7,"featured_media":0,"parent":0,"menu_order":0,"comment_status":"closed","ping_status":"closed","template":"","meta":{"footnotes":""},"class_list":["post-1348","page","type-page","status-publish"],"_links":{"self":[{"href":"https:\/\/tt-groebenzell.de\/index.php\/wp-json\/wp\/v2\/pages\/1348","targetHints":{"allow":["GET"]}}],"collection":[{"href":"https:\/\/tt-groebenzell.de\/index.php\/wp-json\/wp\/v2\/pages"}],"about":[{"href":"https:\/\/tt-groebenzell.de\/index.php\/wp-json\/wp\/v2\/types\/page"}],"author":[{"embeddable":true,"href":"https:\/\/tt-groebenzell.de\/index.php\/wp-json\/wp\/v2\/users\/7"}],"replies":[{"embeddable":true,"href":"https:\/\/tt-groebenzell.de\/index.php\/wp-json\/wp\/v2\/comments?post=1348"}],"version-history":[{"count":7,"href":"https:\/\/tt-groebenzell.de\/index.php\/wp-json\/wp\/v2\/pages\/1348\/revisions"}],"predecessor-version":[{"id":1420,"href":"https:\/\/tt-groebenzell.de\/index.php\/wp-json\/wp\/v2\/pages\/1348\/revisions\/1420"}],"wp:attachment":[{"href":"https:\/\/tt-groebenzell.de\/index.php\/wp-json\/wp\/v2\/media?parent=1348"}],"curies":[{"name":"wp","href":"https:\/\/api.w.org\/{rel}","templated":true}]}}