{"id":123,"date":"2020-10-24T10:05:12","date_gmt":"2020-10-24T10:05:12","guid":{"rendered":"https:\/\/new.tt-groebenzell.de\/?page_id=123"},"modified":"2026-04-01T15:13:50","modified_gmt":"2026-04-01T15:13:50","slug":"aktuelles","status":"publish","type":"page","link":"https:\/\/tt-groebenzell.de\/","title":{"rendered":"Aktuelles"},"content":{"rendered":"\n<hr class=\"wp-block-separator has-alpha-channel-opacity\"\/>\n\n\n\n<p class=\"has-contrast-color has-text-color\">Alle Events findet ihr auch unter -&gt;Was ist wann-&gt; <a href=\"https:\/\/tt-groebenzell.de\/index.php\/termine\/\" data-type=\"link\" data-id=\"https:\/\/tt-groebenzell.de\/index.php\/termine\/\">Termine<\/a>.<\/p>\n\n\n\n<hr class=\"wp-block-separator has-alpha-channel-opacity\"\/>\n\n\n\n<p class=\"has-contrast-color has-text-color\"><strong>Die Saison 2025 \/ 26 ist Geschichte:<\/strong><\/p>\n\n\n\n<div class=\"wp-block-media-text is-stacked-on-mobile\" style=\"grid-template-columns:62% auto\"><figure class=\"wp-block-media-text__media\"><img loading=\"lazy\" decoding=\"async\" width=\"1024\" height=\"700\" src=\"https:\/\/tt-groebenzell.de\/wp-content\/uploads\/2026\/03\/6MS_Aufsteiger_BKC_Mar26_cp-1024x700.jpg\" alt=\"\" class=\"wp-image-6189 size-full\" srcset=\"https:\/\/tt-groebenzell.de\/wp-content\/uploads\/2026\/03\/6MS_Aufsteiger_BKC_Mar26_cp-1024x700.jpg 1024w, https:\/\/tt-groebenzell.de\/wp-content\/uploads\/2026\/03\/6MS_Aufsteiger_BKC_Mar26_cp-300x205.jpg 300w, https:\/\/tt-groebenzell.de\/wp-content\/uploads\/2026\/03\/6MS_Aufsteiger_BKC_Mar26_cp-768x525.jpg 768w, https:\/\/tt-groebenzell.de\/wp-content\/uploads\/2026\/03\/6MS_Aufsteiger_BKC_Mar26_cp.jpg 1490w\" sizes=\"auto, (max-width: 1024px) 100vw, 1024px\" \/><\/figure><div class=\"wp-block-media-text__content\">\n<p class=\"has-text-align-left\">F\u00fcrs <strong>Highlight der Saison<\/strong> hat die <strong>6. Mannschaft <\/strong>gesorgt: <\/p>\n\n\n\n<p class=\"has-text-align-left\">Sie hat den <strong>Aufstieg in BK-C<\/strong> erreicht und gleich geb\u00fchrend gefeiert. Wir gratulieren allen Spielern die beteiligt waren ganz herzlich und freuen uns dass unser Grillfest im Sommer so zu einer Meisterfeier wird!<\/p>\n<\/div><\/div>\n\n\n\n<div class=\"wp-block-media-text has-media-on-the-right is-stacked-on-mobile\" style=\"grid-template-columns:auto 54%\"><div class=\"wp-block-media-text__content\">\n<p class=\"has-text-align-left\">Die <strong>1. Mannschaft<\/strong> muss sich trotz souver\u00e4nem Sieg gegen Hofstetten aus der Bezirksliga verabschieden, weil Esting sich im letzten Spiel gegen den Ober\/Unterbrunn keine Bl\u00f6\u00dfe gab. Selten war wohl ein Abstieg knapper: in 10 Spielen, die 4:6 oder 5:5 endeten, h\u00e4tte ein Punkt mehr den Abstieg verhindert. Zwei B\u00e4lle mehr im 5.Satz eines dieser vielen extrem knappen Spiele h\u00e4tten gereicht. Die Mannschaft bleibt aber positiv gestimmt und strebt sofort den direkten Wiederaufstieg an.<\/p>\n<\/div><figure class=\"wp-block-media-text__media\"><img loading=\"lazy\" decoding=\"async\" width=\"1024\" height=\"768\" src=\"https:\/\/tt-groebenzell.de\/wp-content\/uploads\/2026\/03\/1MS_Teamfoto_Mar26_cp-1024x768.jpg\" alt=\"\" class=\"wp-image-6185 size-full\" srcset=\"https:\/\/tt-groebenzell.de\/wp-content\/uploads\/2026\/03\/1MS_Teamfoto_Mar26_cp-1024x768.jpg 1024w, https:\/\/tt-groebenzell.de\/wp-content\/uploads\/2026\/03\/1MS_Teamfoto_Mar26_cp-300x225.jpg 300w, https:\/\/tt-groebenzell.de\/wp-content\/uploads\/2026\/03\/1MS_Teamfoto_Mar26_cp-768x576.jpg 768w, https:\/\/tt-groebenzell.de\/wp-content\/uploads\/2026\/03\/1MS_Teamfoto_Mar26_cp-1536x1152.jpg 1536w, https:\/\/tt-groebenzell.de\/wp-content\/uploads\/2026\/03\/1MS_Teamfoto_Mar26_cp-2048x1536.jpg 2048w\" sizes=\"auto, (max-width: 1024px) 100vw, 1024px\" \/><\/figure><\/div>\n\n\n\n<div class=\"wp-block-media-text is-stacked-on-mobile\" style=\"grid-template-columns:49% auto\"><figure class=\"wp-block-media-text__media\"><img loading=\"lazy\" decoding=\"async\" width=\"1024\" height=\"767\" src=\"https:\/\/tt-groebenzell.de\/wp-content\/uploads\/2026\/04\/3MS_Teamfoto_Mar26_cp-1024x767.jpg\" alt=\"\" class=\"wp-image-6204 size-full\" srcset=\"https:\/\/tt-groebenzell.de\/wp-content\/uploads\/2026\/04\/3MS_Teamfoto_Mar26_cp-1024x767.jpg 1024w, https:\/\/tt-groebenzell.de\/wp-content\/uploads\/2026\/04\/3MS_Teamfoto_Mar26_cp-300x225.jpg 300w, https:\/\/tt-groebenzell.de\/wp-content\/uploads\/2026\/04\/3MS_Teamfoto_Mar26_cp-768x575.jpg 768w, https:\/\/tt-groebenzell.de\/wp-content\/uploads\/2026\/04\/3MS_Teamfoto_Mar26_cp-1536x1150.jpg 1536w, https:\/\/tt-groebenzell.de\/wp-content\/uploads\/2026\/04\/3MS_Teamfoto_Mar26_cp-2048x1534.jpg 2048w\" sizes=\"auto, (max-width: 1024px) 100vw, 1024px\" \/><\/figure><div class=\"wp-block-media-text__content\">\n<p class=\"has-text-align-left\">F\u00fcr die <strong>3. Mannschaft <\/strong>lief es nicht so gut wie in der Vorsaison, weil das Team nur selten in Bestbesetzung antreten konnte.<br>Der Abstieg konnte aber souver\u00e4n verhindert werden.<br><br><\/p>\n<\/div><\/div>\n\n\n\n<div class=\"wp-block-media-text has-media-on-the-right is-stacked-on-mobile\" style=\"grid-template-columns:auto 59%\"><div class=\"wp-block-media-text__content\">\n<p class=\"has-text-align-left\">Die <strong>4. Mannschaft <\/strong>hat sich als Aufsteiger in die BK-B wacker geschlagen. Nur 3 Punkte fehlten am Ende um die Liga zu halten. Alle Spieler haben viele gute Leistungen und Kampfgeist bewiesen, nicht zuletzt auch im letzten Punktspiel gegen den Aufstiegskandidaten Olching vor beeindruckender Kulisse.<\/p>\n<\/div><figure class=\"wp-block-media-text__media\"><img loading=\"lazy\" decoding=\"async\" width=\"1024\" height=\"576\" src=\"https:\/\/tt-groebenzell.de\/wp-content\/uploads\/2026\/03\/4MS_27Mar2026-1024x576.jpg\" alt=\"\" class=\"wp-image-6188 size-full\" srcset=\"https:\/\/tt-groebenzell.de\/wp-content\/uploads\/2026\/03\/4MS_27Mar2026-1024x576.jpg 1024w, https:\/\/tt-groebenzell.de\/wp-content\/uploads\/2026\/03\/4MS_27Mar2026-300x169.jpg 300w, https:\/\/tt-groebenzell.de\/wp-content\/uploads\/2026\/03\/4MS_27Mar2026-768x432.jpg 768w, https:\/\/tt-groebenzell.de\/wp-content\/uploads\/2026\/03\/4MS_27Mar2026-1536x864.jpg 1536w, https:\/\/tt-groebenzell.de\/wp-content\/uploads\/2026\/03\/4MS_27Mar2026-2048x1152.jpg 2048w\" sizes=\"auto, (max-width: 1024px) 100vw, 1024px\" \/><\/figure><\/div>\n\n\n\n<div class=\"wp-block-media-text is-stacked-on-mobile\" style=\"grid-template-columns:53% auto\"><figure class=\"wp-block-media-text__media\"><img loading=\"lazy\" decoding=\"async\" width=\"1024\" height=\"768\" src=\"https:\/\/tt-groebenzell.de\/wp-content\/uploads\/2026\/04\/5MS_Teamfoto-1024x768.jpg\" alt=\"\" class=\"wp-image-6205 size-full\" srcset=\"https:\/\/tt-groebenzell.de\/wp-content\/uploads\/2026\/04\/5MS_Teamfoto-1024x768.jpg 1024w, https:\/\/tt-groebenzell.de\/wp-content\/uploads\/2026\/04\/5MS_Teamfoto-300x225.jpg 300w, https:\/\/tt-groebenzell.de\/wp-content\/uploads\/2026\/04\/5MS_Teamfoto-768x576.jpg 768w, https:\/\/tt-groebenzell.de\/wp-content\/uploads\/2026\/04\/5MS_Teamfoto-1536x1152.jpg 1536w, https:\/\/tt-groebenzell.de\/wp-content\/uploads\/2026\/04\/5MS_Teamfoto-2048x1536.jpg 2048w\" sizes=\"auto, (max-width: 1024px) 100vw, 1024px\" \/><\/figure><div class=\"wp-block-media-text__content\">\n<p class=\"has-text-align-left\">Die <strong>5. Mannschaft <\/strong>erreichte wieder einen gesicherten Mittelplatz. Die Mannschaft war sehr stabil aufgestellt. Einzig die Verletzung von Dieter Happach in der R\u00fcckrunde machte einen dauernden Einsatz von Alex Wolf notwendig, der diese Aufgabe sehr gut erf\u00fcllte.<\/p>\n<\/div><\/div>\n\n\n\n<div class=\"wp-block-media-text has-media-on-the-right is-stacked-on-mobile\" style=\"grid-template-columns:auto 46%\"><div class=\"wp-block-media-text__content\">\n<p class=\"has-text-align-left\">Trotz guter Leistung im letzten Saisonspiel hat es f\u00fcr die <strong>2. Mannschaft <\/strong>dieses Jahr leider nicht zum Klassenerhalt gereicht. <br>Der Sieg im Lokalderby gegen Puchheim war zwar ein vers\u00f6hnlicher Abschluss, aber \u00fcber die ganze Saison hinweg konnte die Mannschaft zu selten vollz\u00e4hlig antreten um die notwendigen Punkte zu sammeln.<\/p>\n<\/div><figure class=\"wp-block-media-text__media\"><img loading=\"lazy\" decoding=\"async\" width=\"1024\" height=\"772\" src=\"https:\/\/tt-groebenzell.de\/wp-content\/uploads\/2026\/03\/2MS_Teamfoto_Mar26_cp-1024x772.jpg\" alt=\"\" class=\"wp-image-6187 size-full\" srcset=\"https:\/\/tt-groebenzell.de\/wp-content\/uploads\/2026\/03\/2MS_Teamfoto_Mar26_cp-1024x772.jpg 1024w, https:\/\/tt-groebenzell.de\/wp-content\/uploads\/2026\/03\/2MS_Teamfoto_Mar26_cp-300x226.jpg 300w, https:\/\/tt-groebenzell.de\/wp-content\/uploads\/2026\/03\/2MS_Teamfoto_Mar26_cp-768x579.jpg 768w, https:\/\/tt-groebenzell.de\/wp-content\/uploads\/2026\/03\/2MS_Teamfoto_Mar26_cp-1536x1158.jpg 1536w, https:\/\/tt-groebenzell.de\/wp-content\/uploads\/2026\/03\/2MS_Teamfoto_Mar26_cp-2048x1544.jpg 2048w\" sizes=\"auto, (max-width: 1024px) 100vw, 1024px\" \/><\/figure><\/div>\n\n\n\n<hr class=\"wp-block-separator has-alpha-channel-opacity\"\/>\n\n\n\n<div class=\"wp-block-media-text is-stacked-on-mobile\" style=\"grid-template-columns:31% auto\"><figure class=\"wp-block-media-text__media\"><img loading=\"lazy\" decoding=\"async\" width=\"768\" height=\"1024\" src=\"https:\/\/tt-groebenzell.de\/wp-content\/uploads\/2025\/11\/2-Einzelsieger_2025-768x1024.jpg\" alt=\"\" class=\"wp-image-6144 size-full\" srcset=\"https:\/\/tt-groebenzell.de\/wp-content\/uploads\/2025\/11\/2-Einzelsieger_2025-768x1024.jpg 768w, https:\/\/tt-groebenzell.de\/wp-content\/uploads\/2025\/11\/2-Einzelsieger_2025-225x300.jpg 225w, https:\/\/tt-groebenzell.de\/wp-content\/uploads\/2025\/11\/2-Einzelsieger_2025-1152x1536.jpg 1152w, https:\/\/tt-groebenzell.de\/wp-content\/uploads\/2025\/11\/2-Einzelsieger_2025.jpg 1200w\" sizes=\"auto, (max-width: 768px) 100vw, 768px\" \/><\/figure><div class=\"wp-block-media-text__content\">\n<p>Roland B\u00f6ck ist Vereinsmeister im Einzel und Doppel<\/p>\n\n\n\n<p>Herzlichen Gl\u00fcckwunsch!<\/p>\n\n\n\n<p><\/p>\n\n\n\n<p>Hier die alle <a href=\"https:\/\/tt-groebenzell.de\/index.php\/vereinsmeisterschaft-2025\/\" data-type=\"page\" data-id=\"5813\">Turnier-Ergebnisse 2025<\/a><\/p>\n<\/div><\/div>\n\n\n\n<hr class=\"wp-block-separator has-alpha-channel-opacity\"\/>\n","protected":false},"excerpt":{"rendered":"<p>Alle Events findet ihr auch unter -&gt;Was ist wann-&gt; Termine. Die Saison 2025 \/ 26 ist Geschichte: F\u00fcrs Highlight der Saison hat die 6. Mannschaft gesorgt: Sie hat den Aufstieg in BK-C erreicht und gleich geb\u00fchrend gefeiert. Wir gratulieren allen Spielern die beteiligt waren ganz herzlich und freuen uns dass unser Grillfest im Sommer so &#8230; <a title=\"Aktuelles\" class=\"read-more\" href=\"https:\/\/tt-groebenzell.de\/\" aria-label=\"Mehr Informationen \u00fcber Aktuelles\">Weiterlesen<\/a><\/p>\n","protected":false},"author":1,"featured_media":0,"parent":0,"menu_order":0,"comment_status":"closed","ping_status":"closed","template":"","meta":{"footnotes":""},"class_list":["post-123","page","type-page","status-publish"],"_links":{"self":[{"href":"https:\/\/tt-groebenzell.de\/index.php\/wp-json\/wp\/v2\/pages\/123","targetHints":{"allow":["GET"]}}],"collection":[{"href":"https:\/\/tt-groebenzell.de\/index.php\/wp-json\/wp\/v2\/pages"}],"about":[{"href":"https:\/\/tt-groebenzell.de\/index.php\/wp-json\/wp\/v2\/types\/page"}],"author":[{"embeddable":true,"href":"https:\/\/tt-groebenzell.de\/index.php\/wp-json\/wp\/v2\/users\/1"}],"replies":[{"embeddable":true,"href":"https:\/\/tt-groebenzell.de\/index.php\/wp-json\/wp\/v2\/comments?post=123"}],"version-history":[{"count":162,"href":"https:\/\/tt-groebenzell.de\/index.php\/wp-json\/wp\/v2\/pages\/123\/revisions"}],"predecessor-version":[{"id":6207,"href":"https:\/\/tt-groebenzell.de\/index.php\/wp-json\/wp\/v2\/pages\/123\/revisions\/6207"}],"wp:attachment":[{"href":"https:\/\/tt-groebenzell.de\/index.php\/wp-json\/wp\/v2\/media?parent=123"}],"curies":[{"name":"wp","href":"https:\/\/api.w.org\/{rel}","templated":true}]}}